{"id":11,"date":"2024-07-02T22:29:56","date_gmt":"2024-07-02T22:29:56","guid":{"rendered":"https:\/\/serviequiposbm.com\/?page_id=11"},"modified":"2025-08-22T22:11:33","modified_gmt":"2025-08-22T22:11:33","slug":"servicios","status":"publish","type":"page","link":"https:\/\/serviequiposbm.com\/index.php\/servicios\/","title":{"rendered":"Asadores y hornos"},"content":{"rendered":"<div id='gallery-1' class='gallery galleryid-11 gallery-columns-3 gallery-size-medium'><figure class='gallery-item'>\n\t\t\t<div class='gallery-icon portrait'>\n\t\t\t\t<a href='https:\/\/serviequiposbm.com\/wp-content\/uploads\/2025\/07\/7dfe7a75-0880-4274-aaa8-2c9660e82da7.jpeg'><img loading=\"lazy\" decoding=\"async\" width=\"265\" height=\"300\" src=\"https:\/\/serviequiposbm.com\/wp-content\/uploads\/2025\/07\/7dfe7a75-0880-4274-aaa8-2c9660e82da7-265x300.jpeg\" class=\"attachment-medium size-medium\" alt=\"\" aria-describedby=\"gallery-1-518\" srcset=\"https:\/\/serviequiposbm.com\/wp-content\/uploads\/2025\/07\/7dfe7a75-0880-4274-aaa8-2c9660e82da7-265x300.jpeg 265w, https:\/\/serviequiposbm.com\/wp-content\/uploads\/2025\/07\/7dfe7a75-0880-4274-aaa8-2c9660e82da7.jpeg 732w\" sizes=\"auto, (max-width: 265px) 100vw, 265px\" \/><\/a>\n\t\t\t<\/div>\n\t\t\t\t<figcaption class='wp-caption-text gallery-caption' id='gallery-1-518'>\n\t\t\t\tAsador peque\u00f1o, ideal para tu negocio, seis meses de garant\u00eda.\n\t\t\t\t<\/figcaption><\/figure><figure class='gallery-item'>\n\t\t\t<div class='gallery-icon portrait'>\n\t\t\t\t<a href='https:\/\/serviequiposbm.com\/wp-content\/uploads\/2025\/07\/6c457f61-29ed-4f97-a3ba-f96d90a59687.jpeg'><img loading=\"lazy\" decoding=\"async\" width=\"265\" height=\"300\" src=\"https:\/\/serviequiposbm.com\/wp-content\/uploads\/2025\/07\/6c457f61-29ed-4f97-a3ba-f96d90a59687-265x300.jpeg\" class=\"attachment-medium size-medium\" alt=\"\" aria-describedby=\"gallery-1-517\" srcset=\"https:\/\/serviequiposbm.com\/wp-content\/uploads\/2025\/07\/6c457f61-29ed-4f97-a3ba-f96d90a59687-265x300.jpeg 265w, https:\/\/serviequiposbm.com\/wp-content\/uploads\/2025\/07\/6c457f61-29ed-4f97-a3ba-f96d90a59687.jpeg 732w\" sizes=\"auto, (max-width: 265px) 100vw, 265px\" \/><\/a>\n\t\t\t<\/div>\n\t\t\t\t<figcaption class='wp-caption-text gallery-caption' id='gallery-1-517'>\n\t\t\t\tAsador grande, ideal para tu negocio, seis meses de garant\u00eda. \n\t\t\t\t<\/figcaption><\/figure><figure class='gallery-item'>\n\t\t\t<div class='gallery-icon portrait'>\n\t\t\t\t<a href='https:\/\/serviequiposbm.com\/wp-content\/uploads\/2025\/07\/85ce8832-5a59-4692-a0ad-b4142906883e.jpeg'><img loading=\"lazy\" decoding=\"async\" width=\"260\" height=\"300\" src=\"https:\/\/serviequiposbm.com\/wp-content\/uploads\/2025\/07\/85ce8832-5a59-4692-a0ad-b4142906883e-260x300.jpeg\" class=\"attachment-medium size-medium\" alt=\"\" aria-describedby=\"gallery-1-549\" srcset=\"https:\/\/serviequiposbm.com\/wp-content\/uploads\/2025\/07\/85ce8832-5a59-4692-a0ad-b4142906883e-260x300.jpeg 260w, https:\/\/serviequiposbm.com\/wp-content\/uploads\/2025\/07\/85ce8832-5a59-4692-a0ad-b4142906883e-768x887.jpeg 768w, https:\/\/serviequiposbm.com\/wp-content\/uploads\/2025\/07\/85ce8832-5a59-4692-a0ad-b4142906883e.jpeg 831w\" sizes=\"auto, (max-width: 260px) 100vw, 260px\" \/><\/a>\n\t\t\t<\/div>\n\t\t\t\t<figcaption class='wp-caption-text gallery-caption' id='gallery-1-549'>\n\t\t\t\tHorno convencional, elegante, ideal para tu negocio, seis meses de garant\u00eda.\n\t\t\t\t<\/figcaption><\/figure><figure class='gallery-item'>\n\t\t\t<div class='gallery-icon portrait'>\n\t\t\t\t<a href='https:\/\/serviequiposbm.com\/wp-content\/uploads\/2025\/07\/33901ba0-d59b-41dd-901f-3a14329afa5c.jpeg'><img loading=\"lazy\" decoding=\"async\" width=\"260\" height=\"300\" src=\"https:\/\/serviequiposbm.com\/wp-content\/uploads\/2025\/07\/33901ba0-d59b-41dd-901f-3a14329afa5c-260x300.jpeg\" class=\"attachment-medium size-medium\" alt=\"\" aria-describedby=\"gallery-1-550\" srcset=\"https:\/\/serviequiposbm.com\/wp-content\/uploads\/2025\/07\/33901ba0-d59b-41dd-901f-3a14329afa5c-260x300.jpeg 260w, https:\/\/serviequiposbm.com\/wp-content\/uploads\/2025\/07\/33901ba0-d59b-41dd-901f-3a14329afa5c-768x887.jpeg 768w, https:\/\/serviequiposbm.com\/wp-content\/uploads\/2025\/07\/33901ba0-d59b-41dd-901f-3a14329afa5c.jpeg 831w\" sizes=\"auto, (max-width: 260px) 100vw, 260px\" \/><\/a>\n\t\t\t<\/div>\n\t\t\t\t<figcaption class='wp-caption-text gallery-caption' id='gallery-1-550'>\n\t\t\t\tHorno Pizzero, el\u00e9ctrico y de gas, ideal para tu emprendimiento, un a\u00f1o de garant\u00eda de gas, seis meses el\u00e9ctrico \n\t\t\t\t<\/figcaption><\/figure>\n\t\t<\/div>\n\n","protected":false},"excerpt":{"rendered":"","protected":false},"author":1,"featured_media":0,"parent":0,"menu_order":0,"comment_status":"closed","ping_status":"closed","template":"","meta":{"_joinchat":[],"footnotes":""},"class_list":["post-11","page","type-page","status-publish","hentry"],"_links":{"self":[{"href":"https:\/\/serviequiposbm.com\/index.php\/wp-json\/wp\/v2\/pages\/11","targetHints":{"allow":["GET"]}}],"collection":[{"href":"https:\/\/serviequiposbm.com\/index.php\/wp-json\/wp\/v2\/pages"}],"about":[{"href":"https:\/\/serviequiposbm.com\/index.php\/wp-json\/wp\/v2\/types\/page"}],"author":[{"embeddable":true,"href":"https:\/\/serviequiposbm.com\/index.php\/wp-json\/wp\/v2\/users\/1"}],"replies":[{"embeddable":true,"href":"https:\/\/serviequiposbm.com\/index.php\/wp-json\/wp\/v2\/comments?post=11"}],"version-history":[{"count":7,"href":"https:\/\/serviequiposbm.com\/index.php\/wp-json\/wp\/v2\/pages\/11\/revisions"}],"predecessor-version":[{"id":636,"href":"https:\/\/serviequiposbm.com\/index.php\/wp-json\/wp\/v2\/pages\/11\/revisions\/636"}],"wp:attachment":[{"href":"https:\/\/serviequiposbm.com\/index.php\/wp-json\/wp\/v2\/media?parent=11"}],"curies":[{"name":"wp","href":"https:\/\/api.w.org\/{rel}","templated":true}]}}