{"id":110,"date":"2025-07-11T20:18:25","date_gmt":"2025-07-11T20:18:25","guid":{"rendered":"https:\/\/serviequiposbm.com\/?page_id=110"},"modified":"2025-08-22T22:11:51","modified_gmt":"2025-08-22T22:11:51","slug":"banos-maria","status":"publish","type":"page","link":"https:\/\/serviequiposbm.com\/index.php\/banos-maria\/","title":{"rendered":"Ba\u00f1os mar\u00eda"},"content":{"rendered":"<div id='gallery-1' class='gallery galleryid-110 gallery-columns-3 gallery-size-medium'><figure class='gallery-item'>\n\t\t\t<div class='gallery-icon portrait'>\n\t\t\t\t<a href='https:\/\/serviequiposbm.com\/wp-content\/uploads\/2025\/07\/WhatsApp-Image-2025-06-18-at-14.09.39-1.jpeg'><img loading=\"lazy\" decoding=\"async\" width=\"260\" height=\"300\" src=\"https:\/\/serviequiposbm.com\/wp-content\/uploads\/2025\/07\/WhatsApp-Image-2025-06-18-at-14.09.39-1-260x300.jpeg\" class=\"attachment-medium size-medium\" alt=\"Ba\u00f1o Mar\u00eda 4 fosas el\u00e9ctrico\" aria-describedby=\"gallery-1-187\" srcset=\"https:\/\/serviequiposbm.com\/wp-content\/uploads\/2025\/07\/WhatsApp-Image-2025-06-18-at-14.09.39-1-260x300.jpeg 260w, https:\/\/serviequiposbm.com\/wp-content\/uploads\/2025\/07\/WhatsApp-Image-2025-06-18-at-14.09.39-1-768x887.jpeg 768w, https:\/\/serviequiposbm.com\/wp-content\/uploads\/2025\/07\/WhatsApp-Image-2025-06-18-at-14.09.39-1.jpeg 831w\" sizes=\"auto, (max-width: 260px) 100vw, 260px\" \/><\/a>\n\t\t\t<\/div>\n\t\t\t\t<figcaption class='wp-caption-text gallery-caption' id='gallery-1-187'>\n\t\t\t\tBa\u00f1o Mar\u00eda 4 fosas, cuenta con vidrio especial para evitar el empa\u00f1o y que el producto permanezca siempre visible, el\u00e9ctrico. Cuenta con 6 meses de garant\u00eda  En ServiEquipos encuentras garant\u00edan, confianza y respaldo\n\t\t\t\t<\/figcaption><\/figure><figure class='gallery-item'>\n\t\t\t<div class='gallery-icon portrait'>\n\t\t\t\t<a href='https:\/\/serviequiposbm.com\/wp-content\/uploads\/2025\/07\/IMG-20250618-WA0067.jpg'><img loading=\"lazy\" decoding=\"async\" width=\"260\" height=\"300\" src=\"https:\/\/serviequiposbm.com\/wp-content\/uploads\/2025\/07\/IMG-20250618-WA0067-260x300.jpg\" class=\"attachment-medium size-medium\" alt=\"\" aria-describedby=\"gallery-1-191\" srcset=\"https:\/\/serviequiposbm.com\/wp-content\/uploads\/2025\/07\/IMG-20250618-WA0067-260x300.jpg 260w, https:\/\/serviequiposbm.com\/wp-content\/uploads\/2025\/07\/IMG-20250618-WA0067-768x887.jpg 768w, https:\/\/serviequiposbm.com\/wp-content\/uploads\/2025\/07\/IMG-20250618-WA0067.jpg 831w\" sizes=\"auto, (max-width: 260px) 100vw, 260px\" \/><\/a>\n\t\t\t<\/div>\n\t\t\t\t<figcaption class='wp-caption-text gallery-caption' id='gallery-1-191'>\n\t\t\t\tBa\u00f1o Mar\u00eda, peque\u00f1o el\u00e9ctrico, en acero inoxidable, 4 fosas, cuenta con 6 meses de garant\u00eda. En ServiEquipos encuentras Calidad, Garant\u00eda y Respaldo   \n\t\t\t\t<\/figcaption><\/figure>\n\t\t<\/div>\n\n","protected":false},"excerpt":{"rendered":"","protected":false},"author":1,"featured_media":0,"parent":0,"menu_order":0,"comment_status":"closed","ping_status":"closed","template":"","meta":{"_joinchat":[],"footnotes":""},"class_list":["post-110","page","type-page","status-publish","hentry"],"_links":{"self":[{"href":"https:\/\/serviequiposbm.com\/index.php\/wp-json\/wp\/v2\/pages\/110","targetHints":{"allow":["GET"]}}],"collection":[{"href":"https:\/\/serviequiposbm.com\/index.php\/wp-json\/wp\/v2\/pages"}],"about":[{"href":"https:\/\/serviequiposbm.com\/index.php\/wp-json\/wp\/v2\/types\/page"}],"author":[{"embeddable":true,"href":"https:\/\/serviequiposbm.com\/index.php\/wp-json\/wp\/v2\/users\/1"}],"replies":[{"embeddable":true,"href":"https:\/\/serviequiposbm.com\/index.php\/wp-json\/wp\/v2\/comments?post=110"}],"version-history":[{"count":9,"href":"https:\/\/serviequiposbm.com\/index.php\/wp-json\/wp\/v2\/pages\/110\/revisions"}],"predecessor-version":[{"id":637,"href":"https:\/\/serviequiposbm.com\/index.php\/wp-json\/wp\/v2\/pages\/110\/revisions\/637"}],"wp:attachment":[{"href":"https:\/\/serviequiposbm.com\/index.php\/wp-json\/wp\/v2\/media?parent=110"}],"curies":[{"name":"wp","href":"https:\/\/api.w.org\/{rel}","templated":true}]}}