{"id":89,"date":"2025-07-11T20:14:55","date_gmt":"2025-07-11T20:14:55","guid":{"rendered":"https:\/\/serviequiposbm.com\/?page_id=89"},"modified":"2025-08-22T22:13:30","modified_gmt":"2025-08-22T22:13:30","slug":"congeladores","status":"publish","type":"page","link":"https:\/\/serviequiposbm.com\/index.php\/congeladores\/","title":{"rendered":"Congeladores Horizontales"},"content":{"rendered":"<p>&nbsp;<\/p>\n<div id='gallery-1' class='gallery galleryid-89 gallery-columns-3 gallery-size-medium'><figure class='gallery-item'>\n\t\t\t<div class='gallery-icon portrait'>\n\t\t\t\t<a href='https:\/\/serviequiposbm.com\/wp-content\/uploads\/2025\/07\/IMG-20250626-WA0008.jpg'><img loading=\"lazy\" decoding=\"async\" width=\"257\" height=\"300\" src=\"https:\/\/serviequiposbm.com\/wp-content\/uploads\/2025\/07\/IMG-20250626-WA0008-257x300.jpg\" class=\"attachment-medium size-medium\" alt=\"\" aria-describedby=\"gallery-1-229\" srcset=\"https:\/\/serviequiposbm.com\/wp-content\/uploads\/2025\/07\/IMG-20250626-WA0008-257x300.jpg 257w, https:\/\/serviequiposbm.com\/wp-content\/uploads\/2025\/07\/IMG-20250626-WA0008.jpg 673w\" sizes=\"auto, (max-width: 257px) 100vw, 257px\" \/><\/a>\n\t\t\t<\/div>\n\t\t\t\t<figcaption class='wp-caption-text gallery-caption' id='gallery-1-229'>\n\t\t\t\tcongelador 1 tapas de parche individuales acabado en un blanco esmaltado \n\t\t\t\t<\/figcaption><\/figure><figure class='gallery-item'>\n\t\t\t<div class='gallery-icon portrait'>\n\t\t\t\t<a href='https:\/\/serviequiposbm.com\/wp-content\/uploads\/2025\/07\/IMG-20250626-WA0007.jpg'><img loading=\"lazy\" decoding=\"async\" width=\"257\" height=\"300\" src=\"https:\/\/serviequiposbm.com\/wp-content\/uploads\/2025\/07\/IMG-20250626-WA0007-257x300.jpg\" class=\"attachment-medium size-medium\" alt=\"\" aria-describedby=\"gallery-1-230\" srcset=\"https:\/\/serviequiposbm.com\/wp-content\/uploads\/2025\/07\/IMG-20250626-WA0007-257x300.jpg 257w, https:\/\/serviequiposbm.com\/wp-content\/uploads\/2025\/07\/IMG-20250626-WA0007.jpg 673w\" sizes=\"auto, (max-width: 257px) 100vw, 257px\" \/><\/a>\n\t\t\t<\/div>\n\t\t\t\t<figcaption class='wp-caption-text gallery-caption' id='gallery-1-230'>\n\t\t\t\tCongelador 1 tapa de vidrio, ideal para mostrar el producto al cliente \n\t\t\t\t<\/figcaption><\/figure><figure class='gallery-item'>\n\t\t\t<div class='gallery-icon portrait'>\n\t\t\t\t<a href='https:\/\/serviequiposbm.com\/wp-content\/uploads\/2025\/07\/IMG-20250701-WA0023.jpg'><img loading=\"lazy\" decoding=\"async\" width=\"210\" height=\"300\" src=\"https:\/\/serviequiposbm.com\/wp-content\/uploads\/2025\/07\/IMG-20250701-WA0023-210x300.jpg\" class=\"attachment-medium size-medium\" alt=\"\" aria-describedby=\"gallery-1-231\" srcset=\"https:\/\/serviequiposbm.com\/wp-content\/uploads\/2025\/07\/IMG-20250701-WA0023-210x300.jpg 210w, https:\/\/serviequiposbm.com\/wp-content\/uploads\/2025\/07\/IMG-20250701-WA0023.jpg 696w\" sizes=\"auto, (max-width: 210px) 100vw, 210px\" \/><\/a>\n\t\t\t<\/div>\n\t\t\t\t<figcaption class='wp-caption-text gallery-caption' id='gallery-1-231'>\n\t\t\t\tcongelador dos tapas de parche individuales acabado en un blanco esmaltado \n\t\t\t\t<\/figcaption><\/figure><figure class='gallery-item'>\n\t\t\t<div class='gallery-icon portrait'>\n\t\t\t\t<a href='https:\/\/serviequiposbm.com\/wp-content\/uploads\/2025\/07\/IMG-20250701-WA0022.jpg'><img loading=\"lazy\" decoding=\"async\" width=\"210\" height=\"300\" src=\"https:\/\/serviequiposbm.com\/wp-content\/uploads\/2025\/07\/IMG-20250701-WA0022-210x300.jpg\" class=\"attachment-medium size-medium\" alt=\"\" aria-describedby=\"gallery-1-232\" srcset=\"https:\/\/serviequiposbm.com\/wp-content\/uploads\/2025\/07\/IMG-20250701-WA0022-210x300.jpg 210w, https:\/\/serviequiposbm.com\/wp-content\/uploads\/2025\/07\/IMG-20250701-WA0022-718x1024.jpg 718w, https:\/\/serviequiposbm.com\/wp-content\/uploads\/2025\/07\/IMG-20250701-WA0022-768x1095.jpg 768w, https:\/\/serviequiposbm.com\/wp-content\/uploads\/2025\/07\/IMG-20250701-WA0022.jpg 898w\" sizes=\"auto, (max-width: 210px) 100vw, 210px\" \/><\/a>\n\t\t\t<\/div>\n\t\t\t\t<figcaption class='wp-caption-text gallery-caption' id='gallery-1-232'>\n\t\t\t\tcongelador dos tapas de parche individuales acabado en un blanco esmaltado \n\t\t\t\t<\/figcaption><\/figure><figure class='gallery-item'>\n\t\t\t<div class='gallery-icon portrait'>\n\t\t\t\t<a href='https:\/\/serviequiposbm.com\/wp-content\/uploads\/2025\/07\/IMG-20250701-WA0021.jpg'><img loading=\"lazy\" decoding=\"async\" width=\"198\" height=\"300\" src=\"https:\/\/serviequiposbm.com\/wp-content\/uploads\/2025\/07\/IMG-20250701-WA0021-198x300.jpg\" class=\"attachment-medium size-medium\" alt=\"\" aria-describedby=\"gallery-1-233\" srcset=\"https:\/\/serviequiposbm.com\/wp-content\/uploads\/2025\/07\/IMG-20250701-WA0021-198x300.jpg 198w, https:\/\/serviequiposbm.com\/wp-content\/uploads\/2025\/07\/IMG-20250701-WA0021-677x1024.jpg 677w, https:\/\/serviequiposbm.com\/wp-content\/uploads\/2025\/07\/IMG-20250701-WA0021-768x1162.jpg 768w, https:\/\/serviequiposbm.com\/wp-content\/uploads\/2025\/07\/IMG-20250701-WA0021.jpg 846w\" sizes=\"auto, (max-width: 198px) 100vw, 198px\" \/><\/a>\n\t\t\t<\/div>\n\t\t\t\t<figcaption class='wp-caption-text gallery-caption' id='gallery-1-233'>\n\t\t\t\telegante congelador, tapa de parche, ideal para mantener producto y mantener su calidad \n\t\t\t\t<\/figcaption><\/figure><figure class='gallery-item'>\n\t\t\t<div class='gallery-icon portrait'>\n\t\t\t\t<a href='https:\/\/serviequiposbm.com\/wp-content\/uploads\/2025\/07\/IMG-20250701-WA0024.jpg'><img loading=\"lazy\" decoding=\"async\" width=\"218\" height=\"300\" src=\"https:\/\/serviequiposbm.com\/wp-content\/uploads\/2025\/07\/IMG-20250701-WA0024-218x300.jpg\" class=\"attachment-medium size-medium\" alt=\"\" aria-describedby=\"gallery-1-228\" srcset=\"https:\/\/serviequiposbm.com\/wp-content\/uploads\/2025\/07\/IMG-20250701-WA0024-218x300.jpg 218w, https:\/\/serviequiposbm.com\/wp-content\/uploads\/2025\/07\/IMG-20250701-WA0024-744x1024.jpg 744w, https:\/\/serviequiposbm.com\/wp-content\/uploads\/2025\/07\/IMG-20250701-WA0024-768x1057.jpg 768w, https:\/\/serviequiposbm.com\/wp-content\/uploads\/2025\/07\/IMG-20250701-WA0024.jpg 973w\" sizes=\"auto, (max-width: 218px) 100vw, 218px\" \/><\/a>\n\t\t\t<\/div>\n\t\t\t\t<figcaption class='wp-caption-text gallery-caption' id='gallery-1-228'>\n\t\t\t\tLujoso congelador puerta de vidrio ideal para exhibir producto, elegante acabado en blanco esmaltado con detalles en gris, cuenta con rodines giratorios y sus respectivas canastas  \n\t\t\t\t<\/figcaption><\/figure><figure class='gallery-item'>\n\t\t\t<div class='gallery-icon portrait'>\n\t\t\t\t<a href='https:\/\/serviequiposbm.com\/wp-content\/uploads\/2025\/07\/IMG-20250618-WA0031.jpg'><img loading=\"lazy\" decoding=\"async\" width=\"288\" height=\"300\" src=\"https:\/\/serviequiposbm.com\/wp-content\/uploads\/2025\/07\/IMG-20250618-WA0031-288x300.jpg\" class=\"attachment-medium size-medium\" alt=\"\" aria-describedby=\"gallery-1-234\" srcset=\"https:\/\/serviequiposbm.com\/wp-content\/uploads\/2025\/07\/IMG-20250618-WA0031-288x300.jpg 288w, https:\/\/serviequiposbm.com\/wp-content\/uploads\/2025\/07\/IMG-20250618-WA0031-768x801.jpg 768w, https:\/\/serviequiposbm.com\/wp-content\/uploads\/2025\/07\/IMG-20250618-WA0031.jpg 801w\" sizes=\"auto, (max-width: 288px) 100vw, 288px\" \/><\/a>\n\t\t\t<\/div>\n\t\t\t\t<figcaption class='wp-caption-text gallery-caption' id='gallery-1-234'>\n\t\t\t\tCongelador en acero inoxidable, especial para mariscos y m\u00e1s. Cuenta con 1 a\u00f1o de garant\u00eda, en ServiEquipos encuentras Calidad, Respaldo y Garant\u00eda  \n\t\t\t\t<\/figcaption><\/figure><figure class='gallery-item'>\n\t\t\t<div class='gallery-icon portrait'>\n\t\t\t\t<a href='https:\/\/serviequiposbm.com\/wp-content\/uploads\/2025\/07\/IMG-20250618-WA0011.jpg'><img loading=\"lazy\" decoding=\"async\" width=\"259\" height=\"300\" src=\"https:\/\/serviequiposbm.com\/wp-content\/uploads\/2025\/07\/IMG-20250618-WA0011-259x300.jpg\" class=\"attachment-medium size-medium\" alt=\"\" aria-describedby=\"gallery-1-235\" srcset=\"https:\/\/serviequiposbm.com\/wp-content\/uploads\/2025\/07\/IMG-20250618-WA0011-259x300.jpg 259w, https:\/\/serviequiposbm.com\/wp-content\/uploads\/2025\/07\/IMG-20250618-WA0011-883x1024.jpg 883w, https:\/\/serviequiposbm.com\/wp-content\/uploads\/2025\/07\/IMG-20250618-WA0011-768x890.jpg 768w, https:\/\/serviequiposbm.com\/wp-content\/uploads\/2025\/07\/IMG-20250618-WA0011.jpg 1180w\" sizes=\"auto, (max-width: 259px) 100vw, 259px\" \/><\/a>\n\t\t\t<\/div>\n\t\t\t\t<figcaption class='wp-caption-text gallery-caption' id='gallery-1-235'>\n\t\t\t\tcongelador horizontal en blanco esmaltado hermosos acabados especial para tu soda, restaurante bar y mucho m\u00e1s, cuenta con rodines giratorios, piso en acero inoxidable, una canasta de almacenamiento\n\t\t\t\t<\/figcaption><\/figure>\n\t\t<\/div>\n\n","protected":false},"excerpt":{"rendered":"<p>&nbsp;<\/p>\n","protected":false},"author":1,"featured_media":0,"parent":0,"menu_order":0,"comment_status":"closed","ping_status":"closed","template":"","meta":{"_joinchat":[],"footnotes":""},"class_list":["post-89","page","type-page","status-publish","hentry"],"_links":{"self":[{"href":"https:\/\/serviequiposbm.com\/index.php\/wp-json\/wp\/v2\/pages\/89","targetHints":{"allow":["GET"]}}],"collection":[{"href":"https:\/\/serviequiposbm.com\/index.php\/wp-json\/wp\/v2\/pages"}],"about":[{"href":"https:\/\/serviequiposbm.com\/index.php\/wp-json\/wp\/v2\/types\/page"}],"author":[{"embeddable":true,"href":"https:\/\/serviequiposbm.com\/index.php\/wp-json\/wp\/v2\/users\/1"}],"replies":[{"embeddable":true,"href":"https:\/\/serviequiposbm.com\/index.php\/wp-json\/wp\/v2\/comments?post=89"}],"version-history":[{"count":7,"href":"https:\/\/serviequiposbm.com\/index.php\/wp-json\/wp\/v2\/pages\/89\/revisions"}],"predecessor-version":[{"id":641,"href":"https:\/\/serviequiposbm.com\/index.php\/wp-json\/wp\/v2\/pages\/89\/revisions\/641"}],"wp:attachment":[{"href":"https:\/\/serviequiposbm.com\/index.php\/wp-json\/wp\/v2\/media?parent=89"}],"curies":[{"name":"wp","href":"https:\/\/api.w.org\/{rel}","templated":true}]}}