{"id":92,"date":"2025-07-11T20:15:19","date_gmt":"2025-07-11T20:15:19","guid":{"rendered":"https:\/\/serviequiposbm.com\/?page_id=92"},"modified":"2025-07-25T18:48:44","modified_gmt":"2025-07-25T18:48:44","slug":"mesas-frias","status":"publish","type":"page","link":"https:\/\/serviequiposbm.com\/index.php\/mesas-frias\/","title":{"rendered":"Mesas fr\u00edas"},"content":{"rendered":"<div id='gallery-1' class='gallery galleryid-92 gallery-columns-8 gallery-size-large'><figure class='gallery-item'>\n\t\t\t<div class='gallery-icon portrait'>\n\t\t\t\t<a href='https:\/\/serviequiposbm.com\/wp-content\/uploads\/2025\/07\/ffa45c96-1b13-41fa-a907-6caa886b3434.jpeg'><img loading=\"lazy\" decoding=\"async\" width=\"525\" height=\"595\" src=\"https:\/\/serviequiposbm.com\/wp-content\/uploads\/2025\/07\/ffa45c96-1b13-41fa-a907-6caa886b3434.jpeg\" class=\"attachment-large size-large\" alt=\"\" aria-describedby=\"gallery-1-534\" srcset=\"https:\/\/serviequiposbm.com\/wp-content\/uploads\/2025\/07\/ffa45c96-1b13-41fa-a907-6caa886b3434.jpeg 732w, https:\/\/serviequiposbm.com\/wp-content\/uploads\/2025\/07\/ffa45c96-1b13-41fa-a907-6caa886b3434-265x300.jpeg 265w\" sizes=\"auto, (max-width: 525px) 100vw, 525px\" \/><\/a>\n\t\t\t<\/div>\n\t\t\t\t<figcaption class='wp-caption-text gallery-caption' id='gallery-1-534'>\n\t\t\t\tMesa fr\u00eda de trabajo dos estantes, en acero inoxidable, seis meses de garant\u00eda.\n\t\t\t\t<\/figcaption><\/figure><figure class='gallery-item'>\n\t\t\t<div class='gallery-icon portrait'>\n\t\t\t\t<a href='https:\/\/serviequiposbm.com\/wp-content\/uploads\/2025\/07\/6432b1f1-9b72-4e65-ae0d-71992d4f3608.jpeg'><img loading=\"lazy\" decoding=\"async\" width=\"525\" height=\"595\" src=\"https:\/\/serviequiposbm.com\/wp-content\/uploads\/2025\/07\/6432b1f1-9b72-4e65-ae0d-71992d4f3608.jpeg\" class=\"attachment-large size-large\" alt=\"\" aria-describedby=\"gallery-1-524\" srcset=\"https:\/\/serviequiposbm.com\/wp-content\/uploads\/2025\/07\/6432b1f1-9b72-4e65-ae0d-71992d4f3608.jpeg 732w, https:\/\/serviequiposbm.com\/wp-content\/uploads\/2025\/07\/6432b1f1-9b72-4e65-ae0d-71992d4f3608-265x300.jpeg 265w\" sizes=\"auto, (max-width: 525px) 100vw, 525px\" \/><\/a>\n\t\t\t<\/div>\n\t\t\t\t<figcaption class='wp-caption-text gallery-caption' id='gallery-1-524'>\n\t\t\t\tMesa fr\u00eda, en acero inoxidable, seis meses de garant\u00eda.\n\t\t\t\t<\/figcaption><\/figure><figure class='gallery-item'>\n\t\t\t<div class='gallery-icon portrait'>\n\t\t\t\t<a href='https:\/\/serviequiposbm.com\/wp-content\/uploads\/2025\/07\/35ee5ca2-a545-481f-8b56-d8e34f24331b.jpeg'><img loading=\"lazy\" decoding=\"async\" width=\"525\" height=\"595\" src=\"https:\/\/serviequiposbm.com\/wp-content\/uploads\/2025\/07\/35ee5ca2-a545-481f-8b56-d8e34f24331b.jpeg\" class=\"attachment-large size-large\" alt=\"\" aria-describedby=\"gallery-1-520\" srcset=\"https:\/\/serviequiposbm.com\/wp-content\/uploads\/2025\/07\/35ee5ca2-a545-481f-8b56-d8e34f24331b.jpeg 732w, https:\/\/serviequiposbm.com\/wp-content\/uploads\/2025\/07\/35ee5ca2-a545-481f-8b56-d8e34f24331b-265x300.jpeg 265w\" sizes=\"auto, (max-width: 525px) 100vw, 525px\" \/><\/a>\n\t\t\t<\/div>\n\t\t\t\t<figcaption class='wp-caption-text gallery-caption' id='gallery-1-520'>\n\t\t\t\tMesa fr\u00eda de trabajo dos estantes, en acero inoxidable, seis meses de garant\u00eda.\n\t\t\t\t<\/figcaption><\/figure><figure class='gallery-item'>\n\t\t\t<div class='gallery-icon portrait'>\n\t\t\t\t<a href='https:\/\/serviequiposbm.com\/wp-content\/uploads\/2025\/07\/28f7aa40-0f8e-4053-840d-8c99a395b1ca.jpeg'><img loading=\"lazy\" decoding=\"async\" width=\"525\" height=\"650\" src=\"https:\/\/serviequiposbm.com\/wp-content\/uploads\/2025\/07\/28f7aa40-0f8e-4053-840d-8c99a395b1ca.jpeg\" class=\"attachment-large size-large\" alt=\"\" aria-describedby=\"gallery-1-278\" srcset=\"https:\/\/serviequiposbm.com\/wp-content\/uploads\/2025\/07\/28f7aa40-0f8e-4053-840d-8c99a395b1ca.jpeg 726w, https:\/\/serviequiposbm.com\/wp-content\/uploads\/2025\/07\/28f7aa40-0f8e-4053-840d-8c99a395b1ca-242x300.jpeg 242w\" sizes=\"auto, (max-width: 525px) 100vw, 525px\" \/><\/a>\n\t\t\t<\/div>\n\t\t\t\t<figcaption class='wp-caption-text gallery-caption' id='gallery-1-278'>\n\t\t\t\tUrna fr\u00eda en acero inoxidable, seis meses de garant\u00eda. fr\u00eda para reposter\u00eda y dem\u00e1s, el\u00e9ctrica, 3 estantes, elaborada en acero inoxidable, 6 meses de garant\u00eda   \n\t\t\t\t<\/figcaption><\/figure><figure class='gallery-item'>\n\t\t\t<div class='gallery-icon portrait'>\n\t\t\t\t<a href='https:\/\/serviequiposbm.com\/wp-content\/uploads\/2025\/07\/a5b626cd-3ff0-4a33-945d-ef5ae35e0be5.jpeg'><img loading=\"lazy\" decoding=\"async\" width=\"525\" height=\"650\" src=\"https:\/\/serviequiposbm.com\/wp-content\/uploads\/2025\/07\/a5b626cd-3ff0-4a33-945d-ef5ae35e0be5.jpeg\" class=\"attachment-large size-large\" alt=\"\" aria-describedby=\"gallery-1-279\" srcset=\"https:\/\/serviequiposbm.com\/wp-content\/uploads\/2025\/07\/a5b626cd-3ff0-4a33-945d-ef5ae35e0be5.jpeg 726w, https:\/\/serviequiposbm.com\/wp-content\/uploads\/2025\/07\/a5b626cd-3ff0-4a33-945d-ef5ae35e0be5-242x300.jpeg 242w\" sizes=\"auto, (max-width: 525px) 100vw, 525px\" \/><\/a>\n\t\t\t<\/div>\n\t\t\t\t<figcaption class='wp-caption-text gallery-caption' id='gallery-1-279'>\n\t\t\t\tUrna fr\u00eda para mostrar reposter\u00eda y dem\u00e1s, urna de mostrador el\u00e9ctrica 3 estantes, 6 meses de garant\u00eda \n\t\t\t\t<\/figcaption><\/figure>\n\t\t<\/div>\n\n","protected":false},"excerpt":{"rendered":"","protected":false},"author":1,"featured_media":0,"parent":0,"menu_order":0,"comment_status":"closed","ping_status":"closed","template":"","meta":{"_joinchat":[],"footnotes":""},"class_list":["post-92","page","type-page","status-publish","hentry"],"_links":{"self":[{"href":"https:\/\/serviequiposbm.com\/index.php\/wp-json\/wp\/v2\/pages\/92","targetHints":{"allow":["GET"]}}],"collection":[{"href":"https:\/\/serviequiposbm.com\/index.php\/wp-json\/wp\/v2\/pages"}],"about":[{"href":"https:\/\/serviequiposbm.com\/index.php\/wp-json\/wp\/v2\/types\/page"}],"author":[{"embeddable":true,"href":"https:\/\/serviequiposbm.com\/index.php\/wp-json\/wp\/v2\/users\/1"}],"replies":[{"embeddable":true,"href":"https:\/\/serviequiposbm.com\/index.php\/wp-json\/wp\/v2\/comments?post=92"}],"version-history":[{"count":5,"href":"https:\/\/serviequiposbm.com\/index.php\/wp-json\/wp\/v2\/pages\/92\/revisions"}],"predecessor-version":[{"id":546,"href":"https:\/\/serviequiposbm.com\/index.php\/wp-json\/wp\/v2\/pages\/92\/revisions\/546"}],"wp:attachment":[{"href":"https:\/\/serviequiposbm.com\/index.php\/wp-json\/wp\/v2\/media?parent=92"}],"curies":[{"name":"wp","href":"https:\/\/api.w.org\/{rel}","templated":true}]}}