{"id":95,"date":"2025-07-11T20:15:41","date_gmt":"2025-07-11T20:15:41","guid":{"rendered":"https:\/\/serviequiposbm.com\/?page_id=95"},"modified":"2025-08-19T22:07:37","modified_gmt":"2025-08-19T22:07:37","slug":"urnas-carnicas","status":"publish","type":"page","link":"https:\/\/serviequiposbm.com\/index.php\/urnas-carnicas\/","title":{"rendered":"Urnas carniceras"},"content":{"rendered":"<div id='gallery-1' class='gallery galleryid-95 gallery-columns-8 gallery-size-large'><figure class='gallery-item'>\n\t\t\t<div class='gallery-icon portrait'>\n\t\t\t\t<a href='https:\/\/serviequiposbm.com\/wp-content\/uploads\/2025\/07\/d0971ab8-43d3-4964-8eac-44a674d7ea59.jpeg'><img loading=\"lazy\" decoding=\"async\" width=\"525\" height=\"595\" src=\"https:\/\/serviequiposbm.com\/wp-content\/uploads\/2025\/07\/d0971ab8-43d3-4964-8eac-44a674d7ea59.jpeg\" class=\"attachment-large size-large\" alt=\"\" aria-describedby=\"gallery-1-529\" srcset=\"https:\/\/serviequiposbm.com\/wp-content\/uploads\/2025\/07\/d0971ab8-43d3-4964-8eac-44a674d7ea59.jpeg 732w, https:\/\/serviequiposbm.com\/wp-content\/uploads\/2025\/07\/d0971ab8-43d3-4964-8eac-44a674d7ea59-265x300.jpeg 265w\" sizes=\"auto, (max-width: 525px) 100vw, 525px\" \/><\/a>\n\t\t\t<\/div>\n\t\t\t\t<figcaption class='wp-caption-text gallery-caption' id='gallery-1-529'>\n\t\t\t\tUrna para pollo, hermoso dise\u00f1o en rojo elaborada en acero inoxidable, ideal para almacenar pollo oh productos congelados \n\t\t\t\t<\/figcaption><\/figure><figure class='gallery-item'>\n\t\t\t<div class='gallery-icon portrait'>\n\t\t\t\t<a href='https:\/\/serviequiposbm.com\/wp-content\/uploads\/2025\/07\/d3e8c1b0-cb3a-4d98-895b-d196bb5941e5.jpeg'><img loading=\"lazy\" decoding=\"async\" width=\"525\" height=\"597\" src=\"https:\/\/serviequiposbm.com\/wp-content\/uploads\/2025\/07\/d3e8c1b0-cb3a-4d98-895b-d196bb5941e5.jpeg\" class=\"attachment-large size-large\" alt=\"\" aria-describedby=\"gallery-1-420\" srcset=\"https:\/\/serviequiposbm.com\/wp-content\/uploads\/2025\/07\/d3e8c1b0-cb3a-4d98-895b-d196bb5941e5.jpeg 732w, https:\/\/serviequiposbm.com\/wp-content\/uploads\/2025\/07\/d3e8c1b0-cb3a-4d98-895b-d196bb5941e5-264x300.jpeg 264w\" sizes=\"auto, (max-width: 525px) 100vw, 525px\" \/><\/a>\n\t\t\t<\/div>\n\t\t\t\t<figcaption class='wp-caption-text gallery-caption' id='gallery-1-420'>\n\t\t\t\tUrna carnicera, acero inoxidable, rodines giratorios, luz led, control de temperatura inteligente, para prevenir el desperdicio de consumo el\u00e9ctrico, vidrio especial. sistema el\u00e9ctrico 110V, elaborada en un hermoso blanco esmaltado. 6 meses de garant\u00eda\n\t\t\t\t<\/figcaption><\/figure><figure class='gallery-item'>\n\t\t\t<div class='gallery-icon portrait'>\n\t\t\t\t<a href='https:\/\/serviequiposbm.com\/wp-content\/uploads\/2025\/07\/8469eec5-e7cd-48ee-8a1a-f3a7867ea6d8.jpeg'><img loading=\"lazy\" decoding=\"async\" width=\"525\" height=\"597\" src=\"https:\/\/serviequiposbm.com\/wp-content\/uploads\/2025\/07\/8469eec5-e7cd-48ee-8a1a-f3a7867ea6d8.jpeg\" class=\"attachment-large size-large\" alt=\"\" aria-describedby=\"gallery-1-415\" srcset=\"https:\/\/serviequiposbm.com\/wp-content\/uploads\/2025\/07\/8469eec5-e7cd-48ee-8a1a-f3a7867ea6d8.jpeg 732w, https:\/\/serviequiposbm.com\/wp-content\/uploads\/2025\/07\/8469eec5-e7cd-48ee-8a1a-f3a7867ea6d8-264x300.jpeg 264w\" sizes=\"auto, (max-width: 525px) 100vw, 525px\" \/><\/a>\n\t\t\t<\/div>\n\t\t\t\t<figcaption class='wp-caption-text gallery-caption' id='gallery-1-415'>\n\t\t\t\tUrna carnicera, acero inoxidable, rodines giratorios, luz led, control de temperatura inteligente, para prevenir el desperdicio de consumo el\u00e9ctrico, vidrio especial. sistema el\u00e9ctrico 110V, elaborada en un hermoso negro mate. 6 meses de garant\u00eda\n\t\t\t\t<\/figcaption><\/figure><figure class='gallery-item'>\n\t\t\t<div class='gallery-icon portrait'>\n\t\t\t\t<a href='https:\/\/serviequiposbm.com\/wp-content\/uploads\/2025\/07\/31aef33c-39f5-46d8-a3d6-4cf6dc16a4b5.jpeg'><img loading=\"lazy\" decoding=\"async\" width=\"525\" height=\"597\" src=\"https:\/\/serviequiposbm.com\/wp-content\/uploads\/2025\/07\/31aef33c-39f5-46d8-a3d6-4cf6dc16a4b5.jpeg\" class=\"attachment-large size-large\" alt=\"\" aria-describedby=\"gallery-1-413\" srcset=\"https:\/\/serviequiposbm.com\/wp-content\/uploads\/2025\/07\/31aef33c-39f5-46d8-a3d6-4cf6dc16a4b5.jpeg 732w, https:\/\/serviequiposbm.com\/wp-content\/uploads\/2025\/07\/31aef33c-39f5-46d8-a3d6-4cf6dc16a4b5-264x300.jpeg 264w\" sizes=\"auto, (max-width: 525px) 100vw, 525px\" \/><\/a>\n\t\t\t<\/div>\n\t\t\t\t<figcaption class='wp-caption-text gallery-caption' id='gallery-1-413'>\n\t\t\t\tUrna carnicera, acero inoxidable, rodines giratorios, luz led, control de temperatura inteligente, para prevenir el desperdicio de consumo el\u00e9ctrico, vidrio especial. sistema el\u00e9ctrico 110V, elaborada en un hermoso blanco esmaltado. 6 meses de garant\u00eda\n\t\t\t\t<\/figcaption><\/figure><figure class='gallery-item'>\n\t\t\t<div class='gallery-icon portrait'>\n\t\t\t\t<a href='https:\/\/serviequiposbm.com\/wp-content\/uploads\/2025\/07\/9c219c35-b92f-40fb-9617-57b119d47415.jpeg'><img loading=\"lazy\" decoding=\"async\" width=\"525\" height=\"597\" src=\"https:\/\/serviequiposbm.com\/wp-content\/uploads\/2025\/07\/9c219c35-b92f-40fb-9617-57b119d47415.jpeg\" class=\"attachment-large size-large\" alt=\"\" aria-describedby=\"gallery-1-412\" srcset=\"https:\/\/serviequiposbm.com\/wp-content\/uploads\/2025\/07\/9c219c35-b92f-40fb-9617-57b119d47415.jpeg 732w, https:\/\/serviequiposbm.com\/wp-content\/uploads\/2025\/07\/9c219c35-b92f-40fb-9617-57b119d47415-264x300.jpeg 264w\" sizes=\"auto, (max-width: 525px) 100vw, 525px\" \/><\/a>\n\t\t\t<\/div>\n\t\t\t\t<figcaption class='wp-caption-text gallery-caption' id='gallery-1-412'>\n\t\t\t\tUrna carnicera, acero inoxidable, rodines giratorios, luz led, control de temperatura inteligente, para prevenir el desperdicio de consumo el\u00e9ctrico, vidrio especial. sistema el\u00e9ctrico 110V, elaborada en un hermoso blanco esmaltado. 6 meses de garant\u00eda\n\t\t\t\t<\/figcaption><\/figure><figure class='gallery-item'>\n\t\t\t<div class='gallery-icon portrait'>\n\t\t\t\t<a href='https:\/\/serviequiposbm.com\/wp-content\/uploads\/2025\/07\/e1566c66-548e-4928-8941-6b41a454b605.jpeg'><img loading=\"lazy\" decoding=\"async\" width=\"525\" height=\"597\" src=\"https:\/\/serviequiposbm.com\/wp-content\/uploads\/2025\/07\/e1566c66-548e-4928-8941-6b41a454b605.jpeg\" class=\"attachment-large size-large\" alt=\"\" aria-describedby=\"gallery-1-422\" srcset=\"https:\/\/serviequiposbm.com\/wp-content\/uploads\/2025\/07\/e1566c66-548e-4928-8941-6b41a454b605.jpeg 732w, https:\/\/serviequiposbm.com\/wp-content\/uploads\/2025\/07\/e1566c66-548e-4928-8941-6b41a454b605-264x300.jpeg 264w\" sizes=\"auto, (max-width: 525px) 100vw, 525px\" \/><\/a>\n\t\t\t<\/div>\n\t\t\t\t<figcaption class='wp-caption-text gallery-caption' id='gallery-1-422'>\n\t\t\t\tIsla doble prop\u00f3sito, elaborada en acero inoxidable, puerta de vidrio, acabado en un hermoso negro mate, sistema el\u00e9ctrico 110V  \n\t\t\t\t<\/figcaption><\/figure><figure class='gallery-item'>\n\t\t\t<div class='gallery-icon portrait'>\n\t\t\t\t<a href='https:\/\/serviequiposbm.com\/wp-content\/uploads\/2025\/07\/da8dd21c-95a7-479c-990e-2756874a5256.jpeg'><img loading=\"lazy\" decoding=\"async\" width=\"525\" height=\"597\" src=\"https:\/\/serviequiposbm.com\/wp-content\/uploads\/2025\/07\/da8dd21c-95a7-479c-990e-2756874a5256.jpeg\" class=\"attachment-large size-large\" alt=\"\" aria-describedby=\"gallery-1-424\" srcset=\"https:\/\/serviequiposbm.com\/wp-content\/uploads\/2025\/07\/da8dd21c-95a7-479c-990e-2756874a5256.jpeg 732w, https:\/\/serviequiposbm.com\/wp-content\/uploads\/2025\/07\/da8dd21c-95a7-479c-990e-2756874a5256-264x300.jpeg 264w\" sizes=\"auto, (max-width: 525px) 100vw, 525px\" \/><\/a>\n\t\t\t<\/div>\n\t\t\t\t<figcaption class='wp-caption-text gallery-caption' id='gallery-1-424'>\n\t\t\t\tIsla Mil\u00e1n prop\u00f3sito, elaborada en acero inoxidable, puerta de vidrio, acabado en un hermoso negro mate, sistema el\u00e9ctrico 110V\n\t\t\t\t<\/figcaption><\/figure>\n\t\t<\/div>\n\n","protected":false},"excerpt":{"rendered":"","protected":false},"author":1,"featured_media":0,"parent":0,"menu_order":0,"comment_status":"closed","ping_status":"closed","template":"","meta":{"_joinchat":[],"footnotes":""},"class_list":["post-95","page","type-page","status-publish","hentry"],"_links":{"self":[{"href":"https:\/\/serviequiposbm.com\/index.php\/wp-json\/wp\/v2\/pages\/95","targetHints":{"allow":["GET"]}}],"collection":[{"href":"https:\/\/serviequiposbm.com\/index.php\/wp-json\/wp\/v2\/pages"}],"about":[{"href":"https:\/\/serviequiposbm.com\/index.php\/wp-json\/wp\/v2\/types\/page"}],"author":[{"embeddable":true,"href":"https:\/\/serviequiposbm.com\/index.php\/wp-json\/wp\/v2\/users\/1"}],"replies":[{"embeddable":true,"href":"https:\/\/serviequiposbm.com\/index.php\/wp-json\/wp\/v2\/comments?post=95"}],"version-history":[{"count":6,"href":"https:\/\/serviequiposbm.com\/index.php\/wp-json\/wp\/v2\/pages\/95\/revisions"}],"predecessor-version":[{"id":595,"href":"https:\/\/serviequiposbm.com\/index.php\/wp-json\/wp\/v2\/pages\/95\/revisions\/595"}],"wp:attachment":[{"href":"https:\/\/serviequiposbm.com\/index.php\/wp-json\/wp\/v2\/media?parent=95"}],"curies":[{"name":"wp","href":"https:\/\/api.w.org\/{rel}","templated":true}]}}